{"id":20802,"date":"2024-04-06T14:12:31","date_gmt":"2024-04-06T11:12:31","guid":{"rendered":"https:\/\/blacksearealty.com\/?page_id=20802"},"modified":"2024-04-07T19:20:10","modified_gmt":"2024-04-07T16:20:10","slug":"nieruchomosci-w-koszarycy","status":"publish","type":"page","link":"https:\/\/blacksearealty.com\/?page_id=20802","title":{"rendered":"Nieruchomo\u015bci w Koszarycy"},"content":{"rendered":"\t\t<div data-elementor-type=\"wp-page\" data-elementor-id=\"20802\" class=\"elementor elementor-20802\" data-elementor-post-type=\"page\">\n\t\t\t\t\t\t<section class=\"elementor-section elementor-top-section elementor-element elementor-element-40a60be elementor-section-boxed elementor-section-height-default elementor-section-height-default\" data-id=\"40a60be\" data-element_type=\"section\" data-e-type=\"section\">\n\t\t\t\t\t\t<div class=\"elementor-container elementor-column-gap-default\">\n\t\t\t\t\t<div class=\"elementor-column elementor-col-100 elementor-top-column elementor-element elementor-element-913a3e9\" data-id=\"913a3e9\" data-element_type=\"column\" data-e-type=\"column\">\n\t\t\t<div class=\"elementor-widget-wrap elementor-element-populated\">\n\t\t\t\t\t\t<div class=\"elementor-element elementor-element-e7b9d30 elementor-widget elementor-widget-heading\" data-id=\"e7b9d30\" data-element_type=\"widget\" data-e-type=\"widget\" data-widget_type=\"heading.default\">\n\t\t\t\t\t<h2 class=\"elementor-heading-title elementor-size-default\">NIERUCHOMO\u015aCI W KOSZARYCY<\/h2>\t\t\t\t<\/div>\n\t\t\t\t\t<\/div>\n\t\t<\/div>\n\t\t\t\t\t<\/div>\n\t\t<\/section>\n\t\t\t\t<section class=\"elementor-section elementor-top-section elementor-element elementor-element-0928fbf elementor-section-boxed elementor-section-height-default elementor-section-height-default\" data-id=\"0928fbf\" data-element_type=\"section\" data-e-type=\"section\">\n\t\t\t\t\t\t<div class=\"elementor-container elementor-column-gap-default\">\n\t\t\t\t\t<div class=\"elementor-column elementor-col-50 elementor-top-column elementor-element elementor-element-e4dd4b3\" data-id=\"e4dd4b3\" data-element_type=\"column\" data-e-type=\"column\">\n\t\t\t<div class=\"elementor-widget-wrap elementor-element-populated\">\n\t\t\t\t\t\t<div class=\"elementor-element elementor-element-81a0b83 elementor-widget elementor-widget-houzez_elementor_property-card-v1\" data-id=\"81a0b83\" data-element_type=\"widget\" data-e-type=\"widget\" data-widget_type=\"houzez_elementor_property-card-v1.default\">\n\t\t\t\t<div class=\"elementor-widget-container\">\n\t\t\t\t\t    <div id=\"properties_module_section\" class=\"property-cards-module property-cards-module-v1 property-cards-module-col-2\">\n        <div id=\"module_properties\" class=\"listing-view grid-view row row-cols-1 row-cols-md-2 row-cols-lg-2 gy-4 gx-4\">\n            <div class=\"item-listing-wrap item-wrap-v1 hz-item-gallery-js hz-map-trigger\" data-hz-id=\"18716\" data-images=\"[{&quot;image&quot;:&quot;https:\\\/\\\/blacksearealty.com\\\/wp-content\\\/uploads\\\/2023\\\/04\\\/BIG_svetinikola-SIMG_144733181515-584x438.jpg&quot;,&quot;alt&quot;:&quot;&quot;,&quot;width&quot;:584,&quot;height&quot;:438},{&quot;image&quot;:&quot;https:\\\/\\\/blacksearealty.com\\\/wp-content\\\/uploads\\\/2023\\\/04\\\/2022-08-13_3-584x438.png&quot;,&quot;alt&quot;:&quot;&quot;,&quot;width&quot;:584,&quot;height&quot;:438},{&quot;image&quot;:&quot;https:\\\/\\\/blacksearealty.com\\\/wp-content\\\/uploads\\\/2023\\\/04\\\/48305_1-584x438.jpg&quot;,&quot;alt&quot;:&quot;&quot;,&quot;width&quot;:584,&quot;height&quot;:438},{&quot;image&quot;:&quot;https:\\\/\\\/blacksearealty.com\\\/wp-content\\\/uploads\\\/2023\\\/04\\\/73855_1-584x438.jpg&quot;,&quot;alt&quot;:&quot;&quot;,&quot;width&quot;:584,&quot;height&quot;:438},{&quot;image&quot;:&quot;https:\\\/\\\/blacksearealty.com\\\/wp-content\\\/uploads\\\/2023\\\/04\\\/BIG_svetinikola-SIMG_144733181515-584x438.jpg&quot;,&quot;alt&quot;:&quot;&quot;,&quot;width&quot;:584,&quot;height&quot;:438},{&quot;image&quot;:&quot;https:\\\/\\\/blacksearealty.com\\\/wp-content\\\/uploads\\\/2023\\\/04\\\/2023_04_01_20_43_IMG_8896-584x438.jpg&quot;,&quot;alt&quot;:&quot;&quot;,&quot;width&quot;:584,&quot;height&quot;:438},{&quot;image&quot;:&quot;https:\\\/\\\/blacksearealty.com\\\/wp-content\\\/uploads\\\/2023\\\/04\\\/2023_04_01_20_44_IMG_8897-584x438.jpg&quot;,&quot;alt&quot;:&quot;&quot;,&quot;width&quot;:584,&quot;height&quot;:438},{&quot;image&quot;:&quot;https:\\\/\\\/blacksearealty.com\\\/wp-content\\\/uploads\\\/2023\\\/04\\\/2023_04_01_20_44_IMG_8913-584x438.jpg&quot;,&quot;alt&quot;:&quot;&quot;,&quot;width&quot;:584,&quot;height&quot;:438},{&quot;image&quot;:&quot;https:\\\/\\\/blacksearealty.com\\\/wp-content\\\/uploads\\\/2023\\\/04\\\/2023_04_01_20_44_IMG_8917-584x438.jpg&quot;,&quot;alt&quot;:&quot;&quot;,&quot;width&quot;:584,&quot;height&quot;:438},{&quot;image&quot;:&quot;https:\\\/\\\/blacksearealty.com\\\/wp-content\\\/uploads\\\/2023\\\/04\\\/2023_04_01_20_44_IMG_8918-584x438.jpg&quot;,&quot;alt&quot;:&quot;&quot;,&quot;width&quot;:584,&quot;height&quot;:438}]\">\n\t<div class=\"item-wrap item-wrap-no-frame h-100\">\n\t\t<div class=\"d-flex flex-column align-items-center h-100\">\n\t\t\t<div class=\"item-header\">\n\t\t\t\t\t\t\t\t<div class=\"labels-wrap d-flex align-items-center gap-1\" role=\"group\"> \n\n\t<a href=\"https:\/\/blacksearealty.com\/?property_status=na-sprzedaz\" class=\"label-status label status-color-29\">\n\t\t\t\t\tNa sprzeda\u017c\n\t\t\t\t<\/a>       \n\n<\/div>\n\t\t\t\t<ul class=\"item-price-wrap d-flex flex-column gap-2\" role=\"list\">\n\t<li class=\"item-price\"><span class=\"price\">\u20ac34,900<\/span><span class=\"price-postfix\"><\/span><\/li><\/ul>\t\t\t\t<ul class=\"item-tools d-flex align-items-center justify-content-center gap-1\">\n        <li class=\"item-tool item-preview\">\n        <span class=\"hz-show-lightbox-js item-tool-preview text-center\" data-listid=\"18716\" data-bs-toggle=\"modal\" data-bs-target=\"#listing-lightbox-v3\">\n            <span data-bs-toggle=\"tooltip\" data-bs-placement=\"top\" title=\"Podgl\u0105d\">\n                <i class=\"houzez-icon icon-expand-3\"><\/i>   \n            <\/span>\n        <\/span><!-- item-tool-favorite -->\n    <\/li><!-- item-tool -->\n        \n    \n    <\/ul><!-- item-tools -->\n\t\t\t\t<div class=\"listing-image-wrap\">\n\t<div class=\"listing-thumb\">\n\t\t<a target=\"_self\" href=\"https:\/\/blacksearealty.com\/?property=sveti-nikola-kosharitsa\" class=\"listing-featured-thumb hover-effect image-wrap\" role=\"link\">\n\t\t\t<img fetchpriority=\"high\" decoding=\"async\" width=\"584\" height=\"438\" src=\"https:\/\/blacksearealty.com\/wp-content\/uploads\/2023\/04\/BIG_svetinikola-SIMG_144733181515-584x438.jpg\" class=\"img-fluid wp-post-image\" alt=\"\" srcset=\"https:\/\/blacksearealty.com\/wp-content\/uploads\/2023\/04\/BIG_svetinikola-SIMG_144733181515-584x438.jpg 584w, https:\/\/blacksearealty.com\/wp-content\/uploads\/2023\/04\/BIG_svetinikola-SIMG_144733181515-592x444.jpg 592w, https:\/\/blacksearealty.com\/wp-content\/uploads\/2023\/04\/BIG_svetinikola-SIMG_144733181515-120x90.jpg 120w\" sizes=\"(max-width: 584px) 100vw, 584px\" \/>\t\t<\/a><!-- hover-effect -->\n\t<\/div>\n<\/div>\t\t\t\t<div class=\"preview_loader\"><\/div>\n\t\t\t<\/div>\n\t\t\t<div class=\"item-body w-100 flex-grow-1\">\n\t\t\t\t<h2 class=\"item-title mb-2 \">\n\t<a target=\"_self\" href=\"https:\/\/blacksearealty.com\/?property=sveti-nikola-kosharitsa\" role=\"link\">Sveti Nikola Kosharitsa<\/a>\n<\/h2><!-- item-title -->\t\t\t\t<address class=\"item-address mb-2\"><i class=\"houzez-icon icon-pin me-1\" aria-hidden=\"true\"><\/i><span><\/span><\/address>\t\t\t\t\t\t\t\t<ul class=\"item-amenities d-flex flex-wrap align-items-center gap-2 mb-2 item-amenities-with-icons\" role=\"list\">\n\t<li class=\"h-beds d-flex align-items-center me-1\"><i class=\"houzez-icon icon-hotel-double-bed-1 me-2\"><\/i><span class=\"item-amenities-text\">Beds:<\/span> <span class=\"hz-figure\">Studio<\/span><\/li><li class=\"h-baths d-flex align-items-center me-1\"><i class=\"houzez-icon icon-bathroom-shower-1 me-2\"><\/i><span class=\"item-amenities-text\">Bath:<\/span> <span class=\"hz-figure\">1<\/span><\/li><li class=\"h-area d-flex align-items-center me-1\"><i class=\"houzez-icon icon-ruler-triangle me-2\"><\/i><span class=\"hz-figure me-1\">44.73<\/span> <span class=\"hz-figure area_postfix\">m\u00b2<\/span><\/li><\/ul>\t\t\t\t<a class=\"btn btn-primary btn-item d-md-none d-xl-flex \" target=\"_self\" href=\"https:\/\/blacksearealty.com\/?property=sveti-nikola-kosharitsa\">\n\tWi\u0119cej<\/a><!-- btn-item -->\n\t\t\t<\/div>\n\t\t\t\t\t\t<div class=\"item-footer d-flex justify-content-between w-100\">\n\t\t\t\t<div class=\"item-author d-flex align-items-center gap-1\">\n\t<div class=\"item-author-image me-2\" role=\"img\">\n\t\t<img decoding=\"async\" class=\"rounded-circle lazyload\" data-src=\"https:\/\/blacksearealty.com\/wp-content\/themes\/houzez\/img\/profile-avatar.png\" width=\"32\" height=\"32\" alt=\"\" src=\"data:image\/svg+xml;base64,PHN2ZyB3aWR0aD0iMSIgaGVpZ2h0PSIxIiB4bWxucz0iaHR0cDovL3d3dy53My5vcmcvMjAwMC9zdmciPjwvc3ZnPg==\" style=\"--smush-placeholder-width: 32px; --smush-placeholder-aspect-ratio: 32\/32;\">\n\t<\/div>\n\t<a href=\"https:\/\/blacksearealty.com\/?author=1\" role=\"link\">blacksearealty<\/a>\n<\/div><!-- item-author -->\n\t\t\t\t<div class=\"item-date d-flex align-items-center gap-1\">\n\t<i class=\"houzez-icon icon-attachment me-1\"><\/i>\n\t3 lata temu<\/div><!-- item-date -->\n\t\t\t<\/div>\n\t\t\t\t\t<\/div>\n\t<\/div>\n<\/div>        <\/div><!-- listing-view -->\n\n            <\/div><!-- property-grid-module -->\n    \t\t\t\t<\/div>\n\t\t\t\t<\/div>\n\t\t\t\t\t<\/div>\n\t\t<\/div>\n\t\t\t\t<div class=\"elementor-column elementor-col-50 elementor-top-column elementor-element elementor-element-2aaa47a\" data-id=\"2aaa47a\" data-element_type=\"column\" data-e-type=\"column\">\n\t\t\t<div class=\"elementor-widget-wrap elementor-element-populated\">\n\t\t\t\t\t\t<div class=\"elementor-element elementor-element-9e867ff elementor-widget elementor-widget-heading\" data-id=\"9e867ff\" data-element_type=\"widget\" data-e-type=\"widget\" data-settings=\"{&quot;sticky&quot;:&quot;top&quot;,&quot;sticky_offset&quot;:80,&quot;sticky_parent&quot;:&quot;yes&quot;,&quot;sticky_on&quot;:[&quot;desktop&quot;,&quot;tablet&quot;,&quot;mobile&quot;],&quot;sticky_effects_offset&quot;:0,&quot;sticky_anchor_link_offset&quot;:0}\" data-widget_type=\"heading.default\">\n\t\t\t\t\t<h2 class=\"elementor-heading-title elementor-size-default\">JAK MO\u017bEMY CI POM\u00d3C ?<\/h2>\t\t\t\t<\/div>\n\t\t\t\t<div class=\"elementor-element elementor-element-dcc15bf elementor-widget__width-initial elementor-widget elementor-widget-text-editor\" data-id=\"dcc15bf\" data-element_type=\"widget\" data-e-type=\"widget\" data-settings=\"{&quot;sticky&quot;:&quot;top&quot;,&quot;sticky_offset&quot;:110,&quot;sticky_parent&quot;:&quot;yes&quot;,&quot;sticky_offset_tablet&quot;:130,&quot;sticky_on&quot;:[&quot;desktop&quot;,&quot;tablet&quot;,&quot;mobile&quot;],&quot;sticky_effects_offset&quot;:0,&quot;sticky_anchor_link_offset&quot;:0}\" data-widget_type=\"text-editor.default\">\n\t\t\t\t\t\t\t\t\t<p>Nie widzisz oferty, kt\u00f3ra spe\u0142nia Twoje oczekiwania? Spodoba\u0142a Ci si\u0119 oferta ju\u017c niedost\u0119pna? Poinformuj\u0105 nas o tym, a my powiadomimy Ci\u0119 kiedy pojawi\u0105 si\u0119 nowe oferty, kt\u00f3re mog\u0105 Ci\u0119 zainteresowa\u0107.<\/p>\t\t\t\t\t\t\t\t<\/div>\n\t\t\t\t<div class=\"elementor-element elementor-element-4129d8a elementor-align-center elementor-widget elementor-widget-button\" data-id=\"4129d8a\" data-element_type=\"widget\" data-e-type=\"widget\" data-settings=\"{&quot;sticky&quot;:&quot;top&quot;,&quot;sticky_offset&quot;:270,&quot;sticky_offset_tablet&quot;:394,&quot;sticky_on&quot;:[&quot;desktop&quot;,&quot;tablet&quot;,&quot;mobile&quot;],&quot;sticky_effects_offset&quot;:0,&quot;sticky_anchor_link_offset&quot;:0}\" data-widget_type=\"button.default\">\n\t\t\t\t\t\t\t\t\t\t<a class=\"elementor-button elementor-button-link elementor-size-sm\" href=\"https:\/\/blacksearealty.com\/kontakt\/\">\n\t\t\t\t\t\t<span class=\"elementor-button-content-wrapper\">\n\t\t\t\t\t\t<span class=\"elementor-button-icon\">\n\t\t\t\t<svg aria-hidden=\"true\" class=\"e-font-icon-svg e-far-envelope\" viewBox=\"0 0 512 512\" xmlns=\"http:\/\/www.w3.org\/2000\/svg\"><path d=\"M464 64H48C21.49 64 0 85.49 0 112v288c0 26.51 21.49 48 48 48h416c26.51 0 48-21.49 48-48V112c0-26.51-21.49-48-48-48zm0 48v40.805c-22.422 18.259-58.168 46.651-134.587 106.49-16.841 13.247-50.201 45.072-73.413 44.701-23.208.375-56.579-31.459-73.413-44.701C106.18 199.465 70.425 171.067 48 152.805V112h416zM48 400V214.398c22.914 18.251 55.409 43.862 104.938 82.646 21.857 17.205 60.134 55.186 103.062 54.955 42.717.231 80.509-37.199 103.053-54.947 49.528-38.783 82.032-64.401 104.947-82.653V400H48z\"><\/path><\/svg>\t\t\t<\/span>\n\t\t\t\t\t\t\t\t\t<span class=\"elementor-button-text\">NAPISZ DO NAS<\/span>\n\t\t\t\t\t<\/span>\n\t\t\t\t\t<\/a>\n\t\t\t\t\t\t\t\t<\/div>\n\t\t\t\t<div class=\"elementor-element elementor-element-646da49 elementor-widget elementor-widget-heading\" data-id=\"646da49\" data-element_type=\"widget\" data-e-type=\"widget\" data-settings=\"{&quot;sticky&quot;:&quot;top&quot;,&quot;sticky_offset&quot;:330,&quot;sticky_offset_tablet&quot;:470,&quot;sticky_on&quot;:[&quot;desktop&quot;,&quot;tablet&quot;,&quot;mobile&quot;],&quot;sticky_effects_offset&quot;:0,&quot;sticky_anchor_link_offset&quot;:0}\" data-widget_type=\"heading.default\">\n\t\t\t\t\t<h2 class=\"elementor-heading-title elementor-size-default\">ZADZWO\u0143<\/h2>\t\t\t\t<\/div>\n\t\t\t\t<div class=\"elementor-element elementor-element-15647f7 elementor-align-center elementor-widget elementor-widget-button\" data-id=\"15647f7\" data-element_type=\"widget\" data-e-type=\"widget\" data-settings=\"{&quot;sticky&quot;:&quot;top&quot;,&quot;sticky_offset&quot;:365,&quot;sticky_offset_tablet&quot;:500,&quot;sticky_on&quot;:[&quot;desktop&quot;,&quot;tablet&quot;,&quot;mobile&quot;],&quot;sticky_effects_offset&quot;:0,&quot;sticky_anchor_link_offset&quot;:0}\" data-widget_type=\"button.default\">\n\t\t\t\t\t\t\t\t\t\t<a class=\"elementor-button elementor-size-sm\" role=\"button\">\n\t\t\t\t\t\t<span class=\"elementor-button-content-wrapper\">\n\t\t\t\t\t\t<span class=\"elementor-button-icon\">\n\t\t\t\t<svg aria-hidden=\"true\" class=\"e-font-icon-svg e-fas-phone\" viewBox=\"0 0 512 512\" xmlns=\"http:\/\/www.w3.org\/2000\/svg\"><path d=\"M493.4 24.6l-104-24c-11.3-2.6-22.9 3.3-27.5 13.9l-48 112c-4.2 9.8-1.4 21.3 6.9 28l60.6 49.6c-36 76.7-98.9 140.5-177.2 177.2l-49.6-60.6c-6.8-8.3-18.2-11.1-28-6.9l-112 48C3.9 366.5-2 378.1.6 389.4l24 104C27.1 504.2 36.7 512 48 512c256.1 0 464-207.5 464-464 0-11.2-7.7-20.9-18.6-23.4z\"><\/path><\/svg>\t\t\t<\/span>\n\t\t\t\t\t\t\t\t\t<span class=\"elementor-button-text\">+359 898 766 076<\/span>\n\t\t\t\t\t<\/span>\n\t\t\t\t\t<\/a>\n\t\t\t\t\t\t\t\t<\/div>\n\t\t\t\t\t<\/div>\n\t\t<\/div>\n\t\t\t\t\t<\/div>\n\t\t<\/section>\n\t\t\t\t<\/div>\n\t\t","protected":false},"excerpt":{"rendered":"<p>NIERUCHOMO\u015aCI W KOSZARYCY Na sprzeda\u017c \u20ac34,900 Na sprzeda\u017c Sveti Nikola Kosharitsa \u20ac34,900 Beds: Studio Bath: 1 44.73 m\u00b2 Wi\u0119cej JAK MO\u017bEMY CI POM\u00d3C ? Nie widzisz oferty, kt\u00f3ra spe\u0142nia Twoje oczekiwania? Spodoba\u0142a Ci si\u0119 oferta ju\u017c niedost\u0119pna? Poinformuj\u0105 nas o tym, a my powiadomimy Ci\u0119 kiedy pojawi\u0105 si\u0119 nowe oferty, kt\u00f3re mog\u0105 Ci\u0119 zainteresowa\u0107. NAPISZ [&hellip;]<\/p>\n","protected":false},"author":1,"featured_media":0,"parent":0,"menu_order":0,"comment_status":"closed","ping_status":"closed","template":"elementor_header_footer","meta":{"footnotes":""},"class_list":["post-20802","page","type-page","status-publish","hentry"],"_links":{"self":[{"href":"https:\/\/blacksearealty.com\/index.php?rest_route=\/wp\/v2\/pages\/20802","targetHints":{"allow":["GET"]}}],"collection":[{"href":"https:\/\/blacksearealty.com\/index.php?rest_route=\/wp\/v2\/pages"}],"about":[{"href":"https:\/\/blacksearealty.com\/index.php?rest_route=\/wp\/v2\/types\/page"}],"author":[{"embeddable":true,"href":"https:\/\/blacksearealty.com\/index.php?rest_route=\/wp\/v2\/users\/1"}],"replies":[{"embeddable":true,"href":"https:\/\/blacksearealty.com\/index.php?rest_route=%2Fwp%2Fv2%2Fcomments&post=20802"}],"version-history":[{"count":7,"href":"https:\/\/blacksearealty.com\/index.php?rest_route=\/wp\/v2\/pages\/20802\/revisions"}],"predecessor-version":[{"id":21055,"href":"https:\/\/blacksearealty.com\/index.php?rest_route=\/wp\/v2\/pages\/20802\/revisions\/21055"}],"wp:attachment":[{"href":"https:\/\/blacksearealty.com\/index.php?rest_route=%2Fwp%2Fv2%2Fmedia&parent=20802"}],"curies":[{"name":"wp","href":"https:\/\/api.w.org\/{rel}","templated":true}]}}